{"id":2585,"date":"2022-01-03T10:59:49","date_gmt":"2022-01-03T09:59:49","guid":{"rendered":"https:\/\/colorinweb.fr\/galeries\/?page_id=2585"},"modified":"2025-03-07T15:14:38","modified_gmt":"2025-03-07T14:14:38","slug":"createurs","status":"publish","type":"page","link":"https:\/\/colorinweb.fr\/galeries\/createurs\/","title":{"rendered":"Cr\u00e9ateurs &#8211; Artisans"},"content":{"rendered":"<p>[et_pb_section fb_built=\u00a0\u00bb1&Prime; admin_label=\u00a0\u00bbInvestment Values\u00a0\u00bb _builder_version=\u00a0\u00bb4.16&Prime; background_color=\u00a0\u00bbRGBA(0,0,0,0)\u00a0\u00bb background_image=\u00a0\u00bbhttps:\/\/colorinweb.fr\/galeries\/wp-content\/uploads\/2021\/06\/crypto-bg-04.png\u00a0\u00bb background_size=\u00a0\u00bbinitial\u00a0\u00bb custom_margin=\u00a0\u00bb|||\u00a0\u00bb custom_padding=\u00a0\u00bb||200px||false|false\u00a0\u00bb custom_css_main_element=\u00a0\u00bbbackground-position-y: 631px;\u00a0\u00bb global_colors_info=\u00a0\u00bb{}\u00a0\u00bb][et_pb_row use_custom_gutter=\u00a0\u00bbon\u00a0\u00bb gutter_width=\u00a0\u00bb2&Prime; admin_label=\u00a0\u00bbBanniere\u00a0\u00bb module_class=\u00a0\u00bbbangalerie\u00a0\u00bb _builder_version=\u00a0\u00bb4.16&Prime; background_color=\u00a0\u00bb#191d52&Prime; background_image=\u00a0\u00bbhttps:\/\/colorinweb.fr\/galeries\/wp-content\/uploads\/pub-artisans.jpg\u00a0\u00bb parallax=\u00a0\u00bbon\u00a0\u00bb min_height=\u00a0\u00bb650px\u00a0\u00bb custom_margin=\u00a0\u00bb58px||||false|false\u00a0\u00bb custom_padding=\u00a0\u00bb|50px|50px|50px||true\u00a0\u00bb border_color_all=\u00a0\u00bb#4328b7&Prime; border_width_top=\u00a0\u00bb2px\u00a0\u00bb border_width_right=\u00a0\u00bb2px\u00a0\u00bb border_width_bottom=\u00a0\u00bb2px\u00a0\u00bb border_width_left=\u00a0\u00bb2px\u00a0\u00bb box_shadow_style=\u00a0\u00bbpreset1&Prime; box_shadow_blur=\u00a0\u00bb60px\u00a0\u00bb box_shadow_color=\u00a0\u00bbrgba(60,60,200,0.4)\u00a0\u00bb global_colors_info=\u00a0\u00bb{}\u00a0\u00bb][et_pb_column type=\u00a0\u00bb4_4&Prime; _builder_version=\u00a0\u00bb4.16&Prime; custom_padding=\u00a0\u00bb|||\u00a0\u00bb global_colors_info=\u00a0\u00bb{}\u00a0\u00bb custom_padding__hover=\u00a0\u00bb|||\u00a0\u00bb][et_pb_post_title meta=\u00a0\u00bboff\u00a0\u00bb featured_image=\u00a0\u00bboff\u00a0\u00bb admin_label=\u00a0\u00bbTitre du poste\u00a0\u00bb module_class=\u00a0\u00bbback-bangalerie\u00a0\u00bb _builder_version=\u00a0\u00bb4.10.8&Prime; _module_preset=\u00a0\u00bbdefault\u00a0\u00bb title_font=\u00a0\u00bb|||on|||||\u00a0\u00bb meta_font=\u00a0\u00bb||||||||\u00a0\u00bb background_color=\u00a0\u00bbRGBA(0,0,0,0)\u00a0\u00bb custom_margin_tablet=\u00a0\u00bb||0px||false|false\u00a0\u00bb custom_margin_phone=\u00a0\u00bb\u00a0\u00bb custom_margin_last_edited=\u00a0\u00bbon|tablet\u00a0\u00bb custom_padding=\u00a0\u00bb60%||||false|false\u00a0\u00bb custom_padding_tablet=\u00a0\u00bb||0px||false|false\u00a0\u00bb custom_padding_phone=\u00a0\u00bb\u00a0\u00bb custom_padding_last_edited=\u00a0\u00bbon|tablet\u00a0\u00bb animation_style=\u00a0\u00bbslide\u00a0\u00bb animation_direction=\u00a0\u00bbright\u00a0\u00bb title_text_shadow_style=\u00a0\u00bbpreset5&Prime; title_text_shadow_horizontal_length=\u00a0\u00bb-0.01em\u00a0\u00bb title_text_shadow_vertical_length=\u00a0\u00bb0.11em\u00a0\u00bb title_text_shadow_blur_strength=\u00a0\u00bb0.25em\u00a0\u00bb title_text_shadow_color=\u00a0\u00bbrgba(24,0,45,0.9)\u00a0\u00bb text_shadow_style=\u00a0\u00bbpreset5&Prime; global_module=\u00a0\u00bb1341&Prime; global_colors_info=\u00a0\u00bb{}\u00a0\u00bb][\/et_pb_post_title][\/et_pb_column][\/et_pb_row][\/et_pb_section][et_pb_section fb_built=\u00a0\u00bb1&Prime; _builder_version=\u00a0\u00bb4.23.1&Prime; _module_preset=\u00a0\u00bbdefault\u00a0\u00bb hover_enabled=\u00a0\u00bb0&Prime; global_colors_info=\u00a0\u00bb{}\u00a0\u00bb background_color=\u00a0\u00bbRGBA(255,255,255,0)\u00a0\u00bb sticky_enabled=\u00a0\u00bb0&Prime;][et_pb_row _builder_version=\u00a0\u00bb4.16&Prime; _module_preset=\u00a0\u00bbdefault\u00a0\u00bb global_colors_info=\u00a0\u00bb{}\u00a0\u00bb][et_pb_column type=\u00a0\u00bb4_4&Prime; _builder_version=\u00a0\u00bb4.16&Prime; _module_preset=\u00a0\u00bbdefault\u00a0\u00bb global_colors_info=\u00a0\u00bb{}\u00a0\u00bb][et_pb_text _builder_version=\u00a0\u00bb4.16&Prime; _module_preset=\u00a0\u00bbdefault\u00a0\u00bb animation_style=\u00a0\u00bbslide\u00a0\u00bb animation_direction=\u00a0\u00bbleft\u00a0\u00bb hover_enabled=\u00a0\u00bb0&Prime; global_colors_info=\u00a0\u00bb{}\u00a0\u00bb sticky_enabled=\u00a0\u00bb0&Prime;][:fr]<\/p>\n<h1>Page de mes coups de c\u0153ur cr\u00e9atifs<\/h1>\n<p>Difficile de choisir, voici quelques exemples de cr\u00e9ations artisanales. J&rsquo;en ajoute r\u00e9guli\u00e8rement. Allez visiter leurs galeries pour d\u00e9couvrir tout leur univers !<\/p>\n<p>[:en]<\/p>\n<h1>Page of my creative favorites<\/h1>\n<p>Difficult to choose, here are some examples of artisanal creations. I add more regularly. Go visit their galleries to discover their entire universe ![:][\/et_pb_text][\/et_pb_column][\/et_pb_row][\/et_pb_section][et_pb_section fb_built=\u00a0\u00bb1&Prime; fullwidth=\u00a0\u00bbon\u00a0\u00bb _builder_version=\u00a0\u00bb4.16&Prime; _module_preset=\u00a0\u00bbdefault\u00a0\u00bb background_color=\u00a0\u00bbRGBA(0,0,0,0)\u00a0\u00bb custom_padding=\u00a0\u00bb||300px||false|false\u00a0\u00bb global_colors_info=\u00a0\u00bb{}\u00a0\u00bb][et_pb_fullwidth_code _builder_version=\u00a0\u00bb4.23.1&Prime; _module_preset=\u00a0\u00bbdefault\u00a0\u00bb hover_enabled=\u00a0\u00bb0&Prime; global_colors_info=\u00a0\u00bb{}\u00a0\u00bb sticky_enabled=\u00a0\u00bb0&Prime;]ngg_shortcode_0_placeholder[\/et_pb_fullwidth_code][\/et_pb_section]<\/p>\n","protected":false},"excerpt":{"rendered":"<p>[:fr]Page de mes coups de c\u0153ur cr\u00e9atifs Difficile de choisir, voici quelques exemples de cr\u00e9ations artisanales. J&rsquo;en ajoute r\u00e9guli\u00e8rement. Allez visiter leurs galeries pour d\u00e9couvrir tout leur univers ! [:en] Page of my creative favorites Difficult to choose, here are some examples of artisanal creations. I add more regularly. Go visit their galleries to discover [&hellip;]<\/p>\n","protected":false},"author":1,"featured_media":0,"parent":0,"menu_order":0,"comment_status":"closed","ping_status":"closed","template":"","meta":{"_acf_changed":false,"_et_pb_use_builder":"on","_et_pb_old_content":"","_et_gb_content_width":"","ngg_post_thumbnail":0,"footnotes":""},"class_list":["post-2585","page","type-page","status-publish","hentry"],"acf":[],"aioseo_notices":[],"_links":{"self":[{"href":"https:\/\/colorinweb.fr\/galeries\/wp-json\/wp\/v2\/pages\/2585","targetHints":{"allow":["GET"]}}],"collection":[{"href":"https:\/\/colorinweb.fr\/galeries\/wp-json\/wp\/v2\/pages"}],"about":[{"href":"https:\/\/colorinweb.fr\/galeries\/wp-json\/wp\/v2\/types\/page"}],"author":[{"embeddable":true,"href":"https:\/\/colorinweb.fr\/galeries\/wp-json\/wp\/v2\/users\/1"}],"replies":[{"embeddable":true,"href":"https:\/\/colorinweb.fr\/galeries\/wp-json\/wp\/v2\/comments?post=2585"}],"version-history":[{"count":36,"href":"https:\/\/colorinweb.fr\/galeries\/wp-json\/wp\/v2\/pages\/2585\/revisions"}],"predecessor-version":[{"id":288842,"href":"https:\/\/colorinweb.fr\/galeries\/wp-json\/wp\/v2\/pages\/2585\/revisions\/288842"}],"wp:attachment":[{"href":"https:\/\/colorinweb.fr\/galeries\/wp-json\/wp\/v2\/media?parent=2585"}],"curies":[{"name":"wp","href":"https:\/\/api.w.org\/{rel}","templated":true}]}}